{"id":2,"date":"2018-06-19T11:22:34","date_gmt":"2018-06-19T11:22:34","guid":{"rendered":"http:\/\/next.article20.org\/?page_id=2"},"modified":"2022-03-09T13:40:21","modified_gmt":"2022-03-09T12:40:21","slug":"join","status":"publish","type":"page","link":"https:\/\/article20.org\/de\/join\/","title":{"rendered":"Beitreten"},"content":{"rendered":"Ich akzeptiere die Nutzungsbedingungen\"  ><label class=\"wpforms-field-label-inline\" for=\"wpforms-10802-field_5_1\">Ich akzeptiere die Nutzungsbedingungen<\/label><\/li><\/ul><\/div><\/div><!-- .wpforms-field-container --><div class=\"wpforms-field wpforms-field-hp\"><label for=\"wpforms-10802-field-hp\" class=\"wpforms-field-label\">Name<\/label><input type=\"text\" name=\"wpforms[hp]\" id=\"wpforms-10802-field-hp\" class=\"wpforms-field-medium\"><\/div><div class=\"wpforms-recaptcha-container wpforms-is-recaptcha wpforms-is-recaptcha-type-v2\" ><div class=\"g-recaptcha\" data-sitekey=\"6LdDUykTAAAAAEiNirMRTJu_hF820LGQ1QNlq3wS\"><\/div><input type=\"text\" name=\"g-recaptcha-hidden\" class=\"wpforms-recaptcha-hidden\" style=\"position:absolute!important;clip:rect(0,0,0,0)!important;height:1px!important;width:1px!important;border:0!important;overflow:hidden!important;padding:0!important;margin:0!important;\" data-rule-recaptcha=\"1\"><\/div><div class=\"wpforms-submit-container\" ><input type=\"hidden\" name=\"wpforms[id]\" value=\"10802\"><input type=\"hidden\" name=\"page_title\" value=\"\"><input type=\"hidden\" name=\"page_url\" value=\"https:\/\/article20.org\/de\/wp-json\/wp\/v2\/pages\/2\"><input type=\"hidden\" name=\"url_referer\" value=\"\"><button type=\"submit\" name=\"wpforms[submit]\" id=\"wpforms-submit-10802\" class=\"wpforms-submit\" data-alt-text=\"Sending\" data-submit-text=\"Senden\" aria-live=\"assertive\" value=\"wpforms-submit\">Senden<\/button><\/div><\/form><\/div>  <!-- .wpforms-container -->\n<h1><span style=\"color: #00ac5a;\">Beitreten<\/span><\/h1>\n<p>Treten Sie dem internationalen Team \u201eArtikel 20&#8243; bei.<\/p>\n<p>Mit uns k\u00f6nnen Sie Nachrichten, analytische und statistische Artikel schreiben. \u00dcbersetzen Sie Texte in Englisch und Deutsch. Und \u00fcberwachen Sie auch die Situation hinsichtlich der Einhaltung des Rechts auf Versammlungs- und Vereinigungsfreiheit in Ihrem Land oder Ihrer Region.<\/p>\n<p>Wir sind dazu bereit, unser Wissen und unsere Erfahrung bei der \u00dcberwachung der Situation auf jeder Ebene zu teilen und sind offen f\u00fcr Vorschl\u00e4ge f\u00fcr gemeinsame Projekte und Interaktion.<\/p>\n<p><a href=\"mailto:info@article20.org\">info@article20.org<\/a><\/p>\n<div class=\"wpforms-container wpforms-container-full\" id=\"wpforms-10802\"><form id=\"wpforms-form-10802\" class=\"wpforms-validate wpforms-form\" data-formid=\"10802\" method=\"post\" enctype=\"multipart\/form-data\" action=\"\/de\/wp-json\/wp\/v2\/pages\/2\" data-token=\"f4269ac6406f10765a235c22d6c7a7c4\" data-token-time=\"1776870001\"><noscript class=\"wpforms-error-noscript\">Bitte aktiviere JavaScript in deinem Browser, um dieses Formular fertigzustellen.<\/noscript><div class=\"wpforms-field-container\"><div id=\"wpforms-10802-field_1-container\" class=\"wpforms-field wpforms-field-name\" data-field-id=\"1\"><label class=\"wpforms-field-label\" for=\"wpforms-10802-field_1\">Name <span class=\"wpforms-required-label\">*<\/span><\/label><input type=\"text\" id=\"wpforms-10802-field_1\" class=\"wpforms-field-medium wpforms-field-required\" name=\"wpforms[fields][1]\" required><\/div><div id=\"wpforms-10802-field_2-container\" class=\"wpforms-field wpforms-field-email\" data-field-id=\"2\"><label class=\"wpforms-field-label\" for=\"wpforms-10802-field_2\">Email <span class=\"wpforms-required-label\">*<\/span><\/label><input type=\"email\" id=\"wpforms-10802-field_2\" class=\"wpforms-field-medium wpforms-field-required\" name=\"wpforms[fields][2]\" spellcheck=\"false\" required><\/div><div id=\"wpforms-10802-field_3-container\" class=\"wpforms-field wpforms-field-text\" data-field-id=\"3\"><label class=\"wpforms-field-label\" for=\"wpforms-10802-field_3\">Betreff<\/label><input type=\"text\" id=\"wpforms-10802-field_3\" class=\"wpforms-field-medium\" name=\"wpforms[fields][3]\" ><\/div><div id=\"wpforms-10802-field_4-container\" class=\"wpforms-field wpforms-field-textarea\" data-field-id=\"4\"><label class=\"wpforms-field-label\" for=\"wpforms-10802-field_4\">Nachricht <span class=\"wpforms-required-label\">*<\/span><\/label><textarea id=\"wpforms-10802-field_4\" class=\"wpforms-field-medium wpforms-field-required\" name=\"wpforms[fields][4]\" required><\/textarea><\/div><div id=\"wpforms-10802-field_5-container\" class=\"wpforms-field wpforms-field-checkbox\" data-field-id=\"5\"><label class=\"wpforms-field-label wpforms-label-hide\">Single Checkbox Field<\/label><ul id=\"wpforms-10802-field_5\"><li class=\"choice-1 depth-1\"><input type=\"checkbox\" id=\"wpforms-10802-field_5_1\" name=\"wpforms[fields][5][]\" value=\"Ich akzeptiere die Nutzungsbedingungen\"  ><label class=\"wpforms-field-label-inline\" for=\"wpforms-10802-field_5_1\">Ich akzeptiere die Nutzungsbedingungen<\/label><\/li><\/ul><\/div><\/div><!-- .wpforms-field-container --><div class=\"wpforms-field wpforms-field-hp\"><label for=\"wpforms-10802-field-hp\" class=\"wpforms-field-label\">Comment<\/label><input type=\"text\" name=\"wpforms[hp]\" id=\"wpforms-10802-field-hp\" class=\"wpforms-field-medium\"><\/div><div class=\"wpforms-recaptcha-container wpforms-is-recaptcha wpforms-is-recaptcha-type-v2\" ><div class=\"g-recaptcha\" data-sitekey=\"6LdDUykTAAAAAEiNirMRTJu_hF820LGQ1QNlq3wS\"><\/div><input type=\"text\" name=\"g-recaptcha-hidden\" class=\"wpforms-recaptcha-hidden\" style=\"position:absolute!important;clip:rect(0,0,0,0)!important;height:1px!important;width:1px!important;border:0!important;overflow:hidden!important;padding:0!important;margin:0!important;\" data-rule-recaptcha=\"1\"><\/div><div class=\"wpforms-submit-container\" ><input type=\"hidden\" name=\"wpforms[id]\" value=\"10802\"><input type=\"hidden\" name=\"page_title\" value=\"\"><input type=\"hidden\" name=\"page_url\" value=\"https:\/\/article20.org\/de\/wp-json\/wp\/v2\/pages\/2\"><input type=\"hidden\" name=\"url_referer\" value=\"\"><button type=\"submit\" name=\"wpforms[submit]\" id=\"wpforms-submit-10802\" class=\"wpforms-submit\" data-alt-text=\"Sending\" data-submit-text=\"Senden\" aria-live=\"assertive\" value=\"wpforms-submit\">Senden<\/button><\/div><\/form><\/div>  <!-- .wpforms-container -->Ich akzeptiere die Nutzungsbedingungen\"  ><label class=\"wpforms-field-label-inline\" for=\"wpforms-10802-field_5_1\">Ich akzeptiere die Nutzungsbedingungen<\/label><\/li><\/ul><\/div><\/div><!-- .wpforms-field-container --><div class=\"wpforms-field wpforms-field-hp\"><label for=\"wpforms-10802-field-hp\" class=\"wpforms-field-label\">Email<\/label><input type=\"text\" name=\"wpforms[hp]\" id=\"wpforms-10802-field-hp\" class=\"wpforms-field-medium\"><\/div><div class=\"wpforms-recaptcha-container wpforms-is-recaptcha wpforms-is-recaptcha-type-v2\" ><div class=\"g-recaptcha\" data-sitekey=\"6LdDUykTAAAAAEiNirMRTJu_hF820LGQ1QNlq3wS\"><\/div><input type=\"text\" name=\"g-recaptcha-hidden\" class=\"wpforms-recaptcha-hidden\" style=\"position:absolute!important;clip:rect(0,0,0,0)!important;height:1px!important;width:1px!important;border:0!important;overflow:hidden!important;padding:0!important;margin:0!important;\" data-rule-recaptcha=\"1\"><\/div><div class=\"wpforms-submit-container\" ><input type=\"hidden\" name=\"wpforms[id]\" value=\"10802\"><input type=\"hidden\" name=\"page_title\" value=\"\"><input type=\"hidden\" name=\"page_url\" value=\"https:\/\/article20.org\/de\/wp-json\/wp\/v2\/pages\/2\"><input type=\"hidden\" name=\"url_referer\" value=\"\"><button type=\"submit\" name=\"wpforms[submit]\" id=\"wpforms-submit-10802\" class=\"wpforms-submit\" data-alt-text=\"Sending\" data-submit-text=\"Senden\" aria-live=\"assertive\" value=\"wpforms-submit\">Senden<\/button><\/div><\/form><\/div>  <!-- .wpforms-container -->","protected":false},"excerpt":{"rendered":"<p>Beitreten Treten Sie dem internationalen Team \u201eArtikel 20&#8243; bei. Mit uns k\u00f6nnen Sie Nachrichten, analytische und statistische Artikel schreiben. \u00dcbersetzen Sie Texte in Englisch und Deutsch. Und \u00fcberwachen Sie auch die Situation hinsichtlich der Einhaltung des Rechts auf Versammlungs- und Vereinigungsfreiheit in Ihrem Land oder Ihrer Region. Wir sind dazu bereit, unser Wissen und unsere [&hellip;]<\/p>\n","protected":false},"author":1,"featured_media":0,"parent":0,"menu_order":0,"comment_status":"closed","ping_status":"closed","template":"","meta":{"footnotes":""},"class_list":["post-2","page","type-page","status-publish","hentry"],"yoast_head":"<!-- This site is optimized with the Yoast SEO plugin v26.6 - https:\/\/yoast.com\/wordpress\/plugins\/seo\/ -->\n<title>Beitreten - Article20.org<\/title>\n<meta name=\"robots\" content=\"index, follow, max-snippet:-1, max-image-preview:large, max-video-preview:-1\" \/>\n<link rel=\"canonical\" href=\"https:\/\/article20.org\/de\/join\/\" \/>\n<meta property=\"og:locale\" content=\"de_DE\" \/>\n<meta property=\"og:type\" content=\"article\" \/>\n<meta property=\"og:title\" content=\"Beitreten - Article20.org\" \/>\n<meta property=\"og:description\" content=\"Beitreten Treten Sie dem internationalen Team \u201eArtikel 20&#8243; bei. Mit uns k\u00f6nnen Sie Nachrichten, analytische und statistische Artikel schreiben. \u00dcbersetzen Sie Texte in Englisch und Deutsch. Und \u00fcberwachen Sie auch die Situation hinsichtlich der Einhaltung des Rechts auf Versammlungs- und Vereinigungsfreiheit in Ihrem Land oder Ihrer Region. Wir sind dazu bereit, unser Wissen und unsere [&hellip;]\" \/>\n<meta property=\"og:url\" content=\"https:\/\/article20.org\/de\/join\/\" \/>\n<meta property=\"og:site_name\" content=\"Article20.org\" \/>\n<meta property=\"article:modified_time\" content=\"2022-03-09T12:40:21+00:00\" \/>\n<meta name=\"twitter:card\" content=\"summary_large_image\" \/>\n<meta name=\"twitter:label1\" content=\"Gesch\u00e4tzte Lesezeit\" \/>\n\t<meta name=\"twitter:data1\" content=\"1\u00a0Minute\" \/>\n<script type=\"application\/ld+json\" class=\"yoast-schema-graph\">{\"@context\":\"https:\/\/schema.org\",\"@graph\":[{\"@type\":\"WebPage\",\"@id\":\"https:\/\/article20.org\/de\/join\/\",\"url\":\"https:\/\/article20.org\/de\/join\/\",\"name\":\"Beitreten - Article20.org\",\"isPartOf\":{\"@id\":\"https:\/\/article20.org\/de\/#website\"},\"datePublished\":\"2018-06-19T11:22:34+00:00\",\"dateModified\":\"2022-03-09T12:40:21+00:00\",\"breadcrumb\":{\"@id\":\"https:\/\/article20.org\/de\/join\/#breadcrumb\"},\"inLanguage\":\"de\",\"potentialAction\":[{\"@type\":\"ReadAction\",\"target\":[[\"https:\/\/article20.org\/de\/join\/\"]]}]},{\"@type\":\"BreadcrumbList\",\"@id\":\"https:\/\/article20.org\/de\/join\/#breadcrumb\",\"itemListElement\":[{\"@type\":\"ListItem\",\"position\":1,\"name\":\"Home\",\"item\":\"https:\/\/article20.org\/de\/\"},{\"@type\":\"ListItem\",\"position\":2,\"name\":\"Beitreten\"}]},{\"@type\":\"WebSite\",\"@id\":\"https:\/\/article20.org\/de\/#website\",\"url\":\"https:\/\/article20.org\/de\/\",\"name\":\"Article20.org\",\"description\":\"Alles \u00fcber Versammlungsfreiheit und Vereinigungsfreiheit\",\"publisher\":{\"@id\":\"https:\/\/article20.org\/de\/#organization\"},\"potentialAction\":[{\"@type\":\"SearchAction\",\"target\":{\"@type\":\"EntryPoint\",\"urlTemplate\":\"https:\/\/article20.org\/de\/?s={search_term_string}\"},\"query-input\":{\"@type\":\"PropertyValueSpecification\",\"valueRequired\":true,\"valueName\":\"search_term_string\"}}],\"inLanguage\":\"de\"},{\"@type\":\"Organization\",\"@id\":\"https:\/\/article20.org\/de\/#organization\",\"name\":\"Article20.org\",\"url\":\"https:\/\/article20.org\/de\/\",\"logo\":{\"@type\":\"ImageObject\",\"inLanguage\":\"de\",\"@id\":\"https:\/\/article20.org\/de\/#\/schema\/logo\/image\/\",\"url\":\"https:\/\/article20.org\/wp-content\/uploads\/2018\/06\/article20.png\",\"contentUrl\":\"https:\/\/article20.org\/wp-content\/uploads\/2018\/06\/article20.png\",\"width\":60,\"height\":25,\"caption\":\"Article20.org\"},\"image\":{\"@id\":\"https:\/\/article20.org\/de\/#\/schema\/logo\/image\/\"}}]}<\/script>\n<!-- \/ Yoast SEO plugin. -->","yoast_head_json":{"title":"Beitreten - Article20.org","robots":{"index":"index","follow":"follow","max-snippet":"max-snippet:-1","max-image-preview":"max-image-preview:large","max-video-preview":"max-video-preview:-1"},"canonical":"https:\/\/article20.org\/de\/join\/","og_locale":"de_DE","og_type":"article","og_title":"Beitreten - Article20.org","og_description":"Beitreten Treten Sie dem internationalen Team \u201eArtikel 20&#8243; bei. Mit uns k\u00f6nnen Sie Nachrichten, analytische und statistische Artikel schreiben. \u00dcbersetzen Sie Texte in Englisch und Deutsch. Und \u00fcberwachen Sie auch die Situation hinsichtlich der Einhaltung des Rechts auf Versammlungs- und Vereinigungsfreiheit in Ihrem Land oder Ihrer Region. Wir sind dazu bereit, unser Wissen und unsere [&hellip;]","og_url":"https:\/\/article20.org\/de\/join\/","og_site_name":"Article20.org","article_modified_time":"2022-03-09T12:40:21+00:00","twitter_card":"summary_large_image","twitter_misc":{"Gesch\u00e4tzte Lesezeit":"1\u00a0Minute"},"schema":{"@context":"https:\/\/schema.org","@graph":[{"@type":"WebPage","@id":"https:\/\/article20.org\/de\/join\/","url":"https:\/\/article20.org\/de\/join\/","name":"Beitreten - Article20.org","isPartOf":{"@id":"https:\/\/article20.org\/de\/#website"},"datePublished":"2018-06-19T11:22:34+00:00","dateModified":"2022-03-09T12:40:21+00:00","breadcrumb":{"@id":"https:\/\/article20.org\/de\/join\/#breadcrumb"},"inLanguage":"de","potentialAction":[{"@type":"ReadAction","target":[["https:\/\/article20.org\/de\/join\/"]]}]},{"@type":"BreadcrumbList","@id":"https:\/\/article20.org\/de\/join\/#breadcrumb","itemListElement":[{"@type":"ListItem","position":1,"name":"Home","item":"https:\/\/article20.org\/de\/"},{"@type":"ListItem","position":2,"name":"Beitreten"}]},{"@type":"WebSite","@id":"https:\/\/article20.org\/de\/#website","url":"https:\/\/article20.org\/de\/","name":"Article20.org","description":"Alles \u00fcber Versammlungsfreiheit und Vereinigungsfreiheit","publisher":{"@id":"https:\/\/article20.org\/de\/#organization"},"potentialAction":[{"@type":"SearchAction","target":{"@type":"EntryPoint","urlTemplate":"https:\/\/article20.org\/de\/?s={search_term_string}"},"query-input":{"@type":"PropertyValueSpecification","valueRequired":true,"valueName":"search_term_string"}}],"inLanguage":"de"},{"@type":"Organization","@id":"https:\/\/article20.org\/de\/#organization","name":"Article20.org","url":"https:\/\/article20.org\/de\/","logo":{"@type":"ImageObject","inLanguage":"de","@id":"https:\/\/article20.org\/de\/#\/schema\/logo\/image\/","url":"https:\/\/article20.org\/wp-content\/uploads\/2018\/06\/article20.png","contentUrl":"https:\/\/article20.org\/wp-content\/uploads\/2018\/06\/article20.png","width":60,"height":25,"caption":"Article20.org"},"image":{"@id":"https:\/\/article20.org\/de\/#\/schema\/logo\/image\/"}}]}},"_links":{"self":[{"href":"https:\/\/article20.org\/de\/wp-json\/wp\/v2\/pages\/2","targetHints":{"allow":["GET"]}}],"collection":[{"href":"https:\/\/article20.org\/de\/wp-json\/wp\/v2\/pages"}],"about":[{"href":"https:\/\/article20.org\/de\/wp-json\/wp\/v2\/types\/page"}],"author":[{"embeddable":true,"href":"https:\/\/article20.org\/de\/wp-json\/wp\/v2\/users\/1"}],"replies":[{"embeddable":true,"href":"https:\/\/article20.org\/de\/wp-json\/wp\/v2\/comments?post=2"}],"version-history":[{"count":7,"href":"https:\/\/article20.org\/de\/wp-json\/wp\/v2\/pages\/2\/revisions"}],"predecessor-version":[{"id":12205,"href":"https:\/\/article20.org\/de\/wp-json\/wp\/v2\/pages\/2\/revisions\/12205"}],"wp:attachment":[{"href":"https:\/\/article20.org\/de\/wp-json\/wp\/v2\/media?parent=2"}],"curies":[{"name":"wp","href":"https:\/\/api.w.org\/{rel}","templated":true}]}}