{"id":193,"date":"2018-07-11T16:35:05","date_gmt":"2018-07-11T16:35:05","guid":{"rendered":"http:\/\/next.article20.org\/?page_id=193"},"modified":"2018-09-02T17:38:32","modified_gmt":"2018-09-02T17:38:32","slug":"about-the-project-team","status":"publish","type":"page","link":"https:\/\/article20.org\/de\/about-the-project-team\/","title":{"rendered":"\u00dcber das Projektteam"},"content":{"rendered":"<h1><span style=\"color: #00ac5a;\">\u00dcber das Projektteam<\/span><\/h1>\n<p>Wir sind die Aktivisten, Menschenrechtsaktivisten, Blogger, die sich zusammengeschlossen haben, um die Situation in Bezug auf die Einhaltung der Menschenrechte in Russland und auf der Krim t\u00e4glich zu \u00fcberwachen.<\/p>\n<p>Wir glauben, dass die Freiheit, Informationen zu schaffen und zu verbreiten, eine der wichtigsten friedlichen Formen des Dialogs in Gesellschaft und Staat ist.<\/p>\n<p>Das Projektteam besteht mittlerweile aus Autoren, Redakteuren und Freiwilligen aus Russland, Deutschland und der Autonomen Republik Krim.<\/p>\n<p>Die Redaktion des Projektteams umfasst:<\/p>\n<ul>\n<li><a href=\"https:\/\/www.facebook.com\/alexey.kozlov2\">Alexey Kozlov<\/a> &#8211; Chefredakteur<\/li>\n<li><a href=\"https:\/\/www.facebook.com\/postmodern8\">Sergey Fedulov<\/a> &#8211; Redakteur<\/li>\n<li><a href=\"https:\/\/www.linkedin.com\/in\/alexander-elkin\/\">Alexander Elkin<\/a> &#8211; Head of Digital<\/li>\n<\/ul>\n<p>Die Korrespondenten:<\/p>\n<ul>\n<li>Taras Ibrahimov (Crimea)<\/li>\n<\/ul>\n<p>Die Experten:<\/p>\n<ul>\n<li><a href=\"https:\/\/www.facebook.com\/sergei.davidis\">Sergei Davidis<\/a><\/li>\n<li><a href=\"https:\/\/www.facebook.com\/vladimir.barbashov.7\">Vladimir Barbashov<\/a><\/li>\n<li><a href=\"https:\/\/www.facebook.com\/natalia.zviagina\">Natalia Zvyagina<\/a><\/li>\n<\/ul>\n<p>Dar\u00fcber hinaus helfen uns lokale Aktivisten, Menschenrechtsaktivisten, Anw\u00e4lte und Freiwillige.","protected":false},"excerpt":{"rendered":"<p>\u00dcber das Projektteam Wir sind die Aktivisten, Menschenrechtsaktivisten, Blogger, die sich zusammengeschlossen haben, um die Situation in Bezug auf die Einhaltung der Menschenrechte in Russland und auf der Krim t\u00e4glich zu \u00fcberwachen. Wir glauben, dass die Freiheit, Informationen zu schaffen und zu verbreiten, eine der wichtigsten friedlichen Formen des Dialogs in Gesellschaft und Staat ist. [&hellip;]<\/p>\n","protected":false},"author":1,"featured_media":0,"parent":0,"menu_order":0,"comment_status":"closed","ping_status":"closed","template":"","meta":{"footnotes":""},"class_list":["post-193","page","type-page","status-publish","hentry"],"yoast_head":"<!-- This site is optimized with the Yoast SEO plugin v26.6 - https:\/\/yoast.com\/wordpress\/plugins\/seo\/ -->\n<title>\u00dcber das Projektteam - Article20.org<\/title>\n<meta name=\"robots\" content=\"index, follow, max-snippet:-1, max-image-preview:large, max-video-preview:-1\" \/>\n<link rel=\"canonical\" href=\"https:\/\/article20.org\/de\/about-the-project-team\/\" \/>\n<meta property=\"og:locale\" content=\"de_DE\" \/>\n<meta property=\"og:type\" content=\"article\" \/>\n<meta property=\"og:title\" content=\"\u00dcber das Projektteam - Article20.org\" \/>\n<meta property=\"og:description\" content=\"\u00dcber das Projektteam Wir sind die Aktivisten, Menschenrechtsaktivisten, Blogger, die sich zusammengeschlossen haben, um die Situation in Bezug auf die Einhaltung der Menschenrechte in Russland und auf der Krim t\u00e4glich zu \u00fcberwachen. Wir glauben, dass die Freiheit, Informationen zu schaffen und zu verbreiten, eine der wichtigsten friedlichen Formen des Dialogs in Gesellschaft und Staat ist. [&hellip;]\" \/>\n<meta property=\"og:url\" content=\"https:\/\/article20.org\/de\/about-the-project-team\/\" \/>\n<meta property=\"og:site_name\" content=\"Article20.org\" \/>\n<meta property=\"article:modified_time\" content=\"2018-09-02T17:38:32+00:00\" \/>\n<meta name=\"twitter:card\" content=\"summary_large_image\" \/>\n<meta name=\"twitter:label1\" content=\"Gesch\u00e4tzte Lesezeit\" \/>\n\t<meta name=\"twitter:data1\" content=\"1\u00a0Minute\" \/>\n<script type=\"application\/ld+json\" class=\"yoast-schema-graph\">{\"@context\":\"https:\/\/schema.org\",\"@graph\":[{\"@type\":\"WebPage\",\"@id\":\"https:\/\/article20.org\/de\/about-the-project-team\/\",\"url\":\"https:\/\/article20.org\/de\/about-the-project-team\/\",\"name\":\"\u00dcber das Projektteam - Article20.org\",\"isPartOf\":{\"@id\":\"https:\/\/article20.org\/de\/#website\"},\"datePublished\":\"2018-07-11T16:35:05+00:00\",\"dateModified\":\"2018-09-02T17:38:32+00:00\",\"breadcrumb\":{\"@id\":\"https:\/\/article20.org\/de\/about-the-project-team\/#breadcrumb\"},\"inLanguage\":\"de\",\"potentialAction\":[{\"@type\":\"ReadAction\",\"target\":[[\"https:\/\/article20.org\/de\/about-the-project-team\/\"]]}]},{\"@type\":\"BreadcrumbList\",\"@id\":\"https:\/\/article20.org\/de\/about-the-project-team\/#breadcrumb\",\"itemListElement\":[{\"@type\":\"ListItem\",\"position\":1,\"name\":\"Home\",\"item\":\"https:\/\/article20.org\/de\/\"},{\"@type\":\"ListItem\",\"position\":2,\"name\":\"\u00dcber das Projektteam\"}]},{\"@type\":\"WebSite\",\"@id\":\"https:\/\/article20.org\/de\/#website\",\"url\":\"https:\/\/article20.org\/de\/\",\"name\":\"Article20.org\",\"description\":\"Alles \u00fcber Versammlungsfreiheit und Vereinigungsfreiheit\",\"publisher\":{\"@id\":\"https:\/\/article20.org\/de\/#organization\"},\"potentialAction\":[{\"@type\":\"SearchAction\",\"target\":{\"@type\":\"EntryPoint\",\"urlTemplate\":\"https:\/\/article20.org\/de\/?s={search_term_string}\"},\"query-input\":{\"@type\":\"PropertyValueSpecification\",\"valueRequired\":true,\"valueName\":\"search_term_string\"}}],\"inLanguage\":\"de\"},{\"@type\":\"Organization\",\"@id\":\"https:\/\/article20.org\/de\/#organization\",\"name\":\"Article20.org\",\"url\":\"https:\/\/article20.org\/de\/\",\"logo\":{\"@type\":\"ImageObject\",\"inLanguage\":\"de\",\"@id\":\"https:\/\/article20.org\/de\/#\/schema\/logo\/image\/\",\"url\":\"https:\/\/article20.org\/wp-content\/uploads\/2018\/06\/article20.png\",\"contentUrl\":\"https:\/\/article20.org\/wp-content\/uploads\/2018\/06\/article20.png\",\"width\":60,\"height\":25,\"caption\":\"Article20.org\"},\"image\":{\"@id\":\"https:\/\/article20.org\/de\/#\/schema\/logo\/image\/\"}}]}<\/script>\n<!-- \/ Yoast SEO plugin. -->","yoast_head_json":{"title":"\u00dcber das Projektteam - Article20.org","robots":{"index":"index","follow":"follow","max-snippet":"max-snippet:-1","max-image-preview":"max-image-preview:large","max-video-preview":"max-video-preview:-1"},"canonical":"https:\/\/article20.org\/de\/about-the-project-team\/","og_locale":"de_DE","og_type":"article","og_title":"\u00dcber das Projektteam - Article20.org","og_description":"\u00dcber das Projektteam Wir sind die Aktivisten, Menschenrechtsaktivisten, Blogger, die sich zusammengeschlossen haben, um die Situation in Bezug auf die Einhaltung der Menschenrechte in Russland und auf der Krim t\u00e4glich zu \u00fcberwachen. Wir glauben, dass die Freiheit, Informationen zu schaffen und zu verbreiten, eine der wichtigsten friedlichen Formen des Dialogs in Gesellschaft und Staat ist. [&hellip;]","og_url":"https:\/\/article20.org\/de\/about-the-project-team\/","og_site_name":"Article20.org","article_modified_time":"2018-09-02T17:38:32+00:00","twitter_card":"summary_large_image","twitter_misc":{"Gesch\u00e4tzte Lesezeit":"1\u00a0Minute"},"schema":{"@context":"https:\/\/schema.org","@graph":[{"@type":"WebPage","@id":"https:\/\/article20.org\/de\/about-the-project-team\/","url":"https:\/\/article20.org\/de\/about-the-project-team\/","name":"\u00dcber das Projektteam - Article20.org","isPartOf":{"@id":"https:\/\/article20.org\/de\/#website"},"datePublished":"2018-07-11T16:35:05+00:00","dateModified":"2018-09-02T17:38:32+00:00","breadcrumb":{"@id":"https:\/\/article20.org\/de\/about-the-project-team\/#breadcrumb"},"inLanguage":"de","potentialAction":[{"@type":"ReadAction","target":[["https:\/\/article20.org\/de\/about-the-project-team\/"]]}]},{"@type":"BreadcrumbList","@id":"https:\/\/article20.org\/de\/about-the-project-team\/#breadcrumb","itemListElement":[{"@type":"ListItem","position":1,"name":"Home","item":"https:\/\/article20.org\/de\/"},{"@type":"ListItem","position":2,"name":"\u00dcber das Projektteam"}]},{"@type":"WebSite","@id":"https:\/\/article20.org\/de\/#website","url":"https:\/\/article20.org\/de\/","name":"Article20.org","description":"Alles \u00fcber Versammlungsfreiheit und Vereinigungsfreiheit","publisher":{"@id":"https:\/\/article20.org\/de\/#organization"},"potentialAction":[{"@type":"SearchAction","target":{"@type":"EntryPoint","urlTemplate":"https:\/\/article20.org\/de\/?s={search_term_string}"},"query-input":{"@type":"PropertyValueSpecification","valueRequired":true,"valueName":"search_term_string"}}],"inLanguage":"de"},{"@type":"Organization","@id":"https:\/\/article20.org\/de\/#organization","name":"Article20.org","url":"https:\/\/article20.org\/de\/","logo":{"@type":"ImageObject","inLanguage":"de","@id":"https:\/\/article20.org\/de\/#\/schema\/logo\/image\/","url":"https:\/\/article20.org\/wp-content\/uploads\/2018\/06\/article20.png","contentUrl":"https:\/\/article20.org\/wp-content\/uploads\/2018\/06\/article20.png","width":60,"height":25,"caption":"Article20.org"},"image":{"@id":"https:\/\/article20.org\/de\/#\/schema\/logo\/image\/"}}]}},"_links":{"self":[{"href":"https:\/\/article20.org\/de\/wp-json\/wp\/v2\/pages\/193","targetHints":{"allow":["GET"]}}],"collection":[{"href":"https:\/\/article20.org\/de\/wp-json\/wp\/v2\/pages"}],"about":[{"href":"https:\/\/article20.org\/de\/wp-json\/wp\/v2\/types\/page"}],"author":[{"embeddable":true,"href":"https:\/\/article20.org\/de\/wp-json\/wp\/v2\/users\/1"}],"replies":[{"embeddable":true,"href":"https:\/\/article20.org\/de\/wp-json\/wp\/v2\/comments?post=193"}],"version-history":[{"count":3,"href":"https:\/\/article20.org\/de\/wp-json\/wp\/v2\/pages\/193\/revisions"}],"predecessor-version":[{"id":1601,"href":"https:\/\/article20.org\/de\/wp-json\/wp\/v2\/pages\/193\/revisions\/1601"}],"wp:attachment":[{"href":"https:\/\/article20.org\/de\/wp-json\/wp\/v2\/media?parent=193"}],"curies":[{"name":"wp","href":"https:\/\/api.w.org\/{rel}","templated":true}]}}