{"id":181,"date":"2018-07-11T16:26:29","date_gmt":"2018-07-11T16:26:29","guid":{"rendered":"http:\/\/next.article20.org\/?page_id=181"},"modified":"2018-09-02T17:37:45","modified_gmt":"2018-09-02T17:37:45","slug":"about-the-project-article20-org","status":"publish","type":"page","link":"https:\/\/article20.org\/de\/about-the-project-article20-org\/","title":{"rendered":"\u00dcber das Projekt Article20.org"},"content":{"rendered":"<h1><span style=\"color: #00ac5a;\">\u00dcber das Projekt Article20.org<\/span><\/h1>\n<p><em>Das Projekt &#8222;Artikel 20&#8220; ist ein gemeinn\u00fctziges, unpolitisches Informationsprojekt zur Wahrung des Rechts auf Versammlungs- und Vereinigungsfreiheit in der Welt.<\/em><\/p>\n<p>Wir ver\u00f6ffentlichen Nachrichten, \u00fcberwachen und analysieren die Situation, entwickeln Beziehungen zwischen Ost und West und bringen Aktivisten zusammen.<\/p>\n<p>Das Projekt wurde 2008 in Russland von einer Gruppe von Aktivisten und Menschenrechtsaktivisten gegr\u00fcndet.<\/p>\n<p>Die Aktivisten beschlossen, ein neues Informationsprojekt zu starten, das sowohl der Gemeinde als auch interessierten Parteien helfen w\u00fcrde, Informationen \u00fcber die Einhaltung des Rechts auf Versammlungs- und Vereinigungsfreiheit in Russland und sp\u00e4ter auf der Krim zu erhalten.<\/p>\n<p>Das Recht auf Versammlungs- und Vereinigungsfreiheit wirkt sich direkt auf die F\u00e4higkeit aus, den eigenen Standpunkt zum Ausdruck zu bringen und manchmal auch Gesundheit und Leben zu sch\u00fctzen und \u00f6ffentliche Aufmerksamkeit zu erregen.<\/p>\n<p>Nach den 2000er Jahren erhielten die Probleme der Menschenrechtsverletzungen auf der Krim und der erzwungenen Auswanderung aus Russland besondere Dringlichkeit.<\/p>\n<p>Wir unterst\u00fctzen keine politische Kraft.<\/p>\n<p>Kontaktieren Sie uns auf <a href=\"https:\/\/www.facebook.com\/article20.org\/\">Facebook<\/a> oder per <a href=\"mailto:info@article20.org\">E-Mail<\/a>","protected":false},"excerpt":{"rendered":"<p>\u00dcber das Projekt Article20.org Das Projekt &#8222;Artikel 20&#8220; ist ein gemeinn\u00fctziges, unpolitisches Informationsprojekt zur Wahrung des Rechts auf Versammlungs- und Vereinigungsfreiheit in der Welt. Wir ver\u00f6ffentlichen Nachrichten, \u00fcberwachen und analysieren die Situation, entwickeln Beziehungen zwischen Ost und West und bringen Aktivisten zusammen. Das Projekt wurde 2008 in Russland von einer Gruppe von Aktivisten und Menschenrechtsaktivisten [&hellip;]<\/p>\n","protected":false},"author":1,"featured_media":0,"parent":0,"menu_order":0,"comment_status":"closed","ping_status":"closed","template":"","meta":{"footnotes":""},"class_list":["post-181","page","type-page","status-publish","hentry"],"yoast_head":"<!-- This site is optimized with the Yoast SEO plugin v26.6 - https:\/\/yoast.com\/wordpress\/plugins\/seo\/ -->\n<title>\u00dcber das Projekt Article20.org - Article20.org<\/title>\n<meta name=\"robots\" content=\"index, follow, max-snippet:-1, max-image-preview:large, max-video-preview:-1\" \/>\n<link rel=\"canonical\" href=\"https:\/\/article20.org\/de\/about-the-project-article20-org\/\" \/>\n<meta property=\"og:locale\" content=\"de_DE\" \/>\n<meta property=\"og:type\" content=\"article\" \/>\n<meta property=\"og:title\" content=\"\u00dcber das Projekt Article20.org - Article20.org\" \/>\n<meta property=\"og:description\" content=\"\u00dcber das Projekt Article20.org Das Projekt &#8222;Artikel 20&#8220; ist ein gemeinn\u00fctziges, unpolitisches Informationsprojekt zur Wahrung des Rechts auf Versammlungs- und Vereinigungsfreiheit in der Welt. Wir ver\u00f6ffentlichen Nachrichten, \u00fcberwachen und analysieren die Situation, entwickeln Beziehungen zwischen Ost und West und bringen Aktivisten zusammen. Das Projekt wurde 2008 in Russland von einer Gruppe von Aktivisten und Menschenrechtsaktivisten [&hellip;]\" \/>\n<meta property=\"og:url\" content=\"https:\/\/article20.org\/de\/about-the-project-article20-org\/\" \/>\n<meta property=\"og:site_name\" content=\"Article20.org\" \/>\n<meta property=\"article:modified_time\" content=\"2018-09-02T17:37:45+00:00\" \/>\n<meta name=\"twitter:card\" content=\"summary_large_image\" \/>\n<meta name=\"twitter:label1\" content=\"Gesch\u00e4tzte Lesezeit\" \/>\n\t<meta name=\"twitter:data1\" content=\"2\u00a0Minuten\" \/>\n<script type=\"application\/ld+json\" class=\"yoast-schema-graph\">{\"@context\":\"https:\/\/schema.org\",\"@graph\":[{\"@type\":\"WebPage\",\"@id\":\"https:\/\/article20.org\/de\/about-the-project-article20-org\/\",\"url\":\"https:\/\/article20.org\/de\/about-the-project-article20-org\/\",\"name\":\"\u00dcber das Projekt Article20.org - Article20.org\",\"isPartOf\":{\"@id\":\"https:\/\/article20.org\/de\/#website\"},\"datePublished\":\"2018-07-11T16:26:29+00:00\",\"dateModified\":\"2018-09-02T17:37:45+00:00\",\"breadcrumb\":{\"@id\":\"https:\/\/article20.org\/de\/about-the-project-article20-org\/#breadcrumb\"},\"inLanguage\":\"de\",\"potentialAction\":[{\"@type\":\"ReadAction\",\"target\":[[\"https:\/\/article20.org\/de\/about-the-project-article20-org\/\"]]}]},{\"@type\":\"BreadcrumbList\",\"@id\":\"https:\/\/article20.org\/de\/about-the-project-article20-org\/#breadcrumb\",\"itemListElement\":[{\"@type\":\"ListItem\",\"position\":1,\"name\":\"Home\",\"item\":\"https:\/\/article20.org\/de\/\"},{\"@type\":\"ListItem\",\"position\":2,\"name\":\"\u00dcber das Projekt Article20.org\"}]},{\"@type\":\"WebSite\",\"@id\":\"https:\/\/article20.org\/de\/#website\",\"url\":\"https:\/\/article20.org\/de\/\",\"name\":\"Article20.org\",\"description\":\"Alles \u00fcber Versammlungsfreiheit und Vereinigungsfreiheit\",\"publisher\":{\"@id\":\"https:\/\/article20.org\/de\/#organization\"},\"potentialAction\":[{\"@type\":\"SearchAction\",\"target\":{\"@type\":\"EntryPoint\",\"urlTemplate\":\"https:\/\/article20.org\/de\/?s={search_term_string}\"},\"query-input\":{\"@type\":\"PropertyValueSpecification\",\"valueRequired\":true,\"valueName\":\"search_term_string\"}}],\"inLanguage\":\"de\"},{\"@type\":\"Organization\",\"@id\":\"https:\/\/article20.org\/de\/#organization\",\"name\":\"Article20.org\",\"url\":\"https:\/\/article20.org\/de\/\",\"logo\":{\"@type\":\"ImageObject\",\"inLanguage\":\"de\",\"@id\":\"https:\/\/article20.org\/de\/#\/schema\/logo\/image\/\",\"url\":\"https:\/\/article20.org\/wp-content\/uploads\/2018\/06\/article20.png\",\"contentUrl\":\"https:\/\/article20.org\/wp-content\/uploads\/2018\/06\/article20.png\",\"width\":60,\"height\":25,\"caption\":\"Article20.org\"},\"image\":{\"@id\":\"https:\/\/article20.org\/de\/#\/schema\/logo\/image\/\"}}]}<\/script>\n<!-- \/ Yoast SEO plugin. -->","yoast_head_json":{"title":"\u00dcber das Projekt Article20.org - Article20.org","robots":{"index":"index","follow":"follow","max-snippet":"max-snippet:-1","max-image-preview":"max-image-preview:large","max-video-preview":"max-video-preview:-1"},"canonical":"https:\/\/article20.org\/de\/about-the-project-article20-org\/","og_locale":"de_DE","og_type":"article","og_title":"\u00dcber das Projekt Article20.org - Article20.org","og_description":"\u00dcber das Projekt Article20.org Das Projekt &#8222;Artikel 20&#8220; ist ein gemeinn\u00fctziges, unpolitisches Informationsprojekt zur Wahrung des Rechts auf Versammlungs- und Vereinigungsfreiheit in der Welt. Wir ver\u00f6ffentlichen Nachrichten, \u00fcberwachen und analysieren die Situation, entwickeln Beziehungen zwischen Ost und West und bringen Aktivisten zusammen. Das Projekt wurde 2008 in Russland von einer Gruppe von Aktivisten und Menschenrechtsaktivisten [&hellip;]","og_url":"https:\/\/article20.org\/de\/about-the-project-article20-org\/","og_site_name":"Article20.org","article_modified_time":"2018-09-02T17:37:45+00:00","twitter_card":"summary_large_image","twitter_misc":{"Gesch\u00e4tzte Lesezeit":"2\u00a0Minuten"},"schema":{"@context":"https:\/\/schema.org","@graph":[{"@type":"WebPage","@id":"https:\/\/article20.org\/de\/about-the-project-article20-org\/","url":"https:\/\/article20.org\/de\/about-the-project-article20-org\/","name":"\u00dcber das Projekt Article20.org - Article20.org","isPartOf":{"@id":"https:\/\/article20.org\/de\/#website"},"datePublished":"2018-07-11T16:26:29+00:00","dateModified":"2018-09-02T17:37:45+00:00","breadcrumb":{"@id":"https:\/\/article20.org\/de\/about-the-project-article20-org\/#breadcrumb"},"inLanguage":"de","potentialAction":[{"@type":"ReadAction","target":[["https:\/\/article20.org\/de\/about-the-project-article20-org\/"]]}]},{"@type":"BreadcrumbList","@id":"https:\/\/article20.org\/de\/about-the-project-article20-org\/#breadcrumb","itemListElement":[{"@type":"ListItem","position":1,"name":"Home","item":"https:\/\/article20.org\/de\/"},{"@type":"ListItem","position":2,"name":"\u00dcber das Projekt Article20.org"}]},{"@type":"WebSite","@id":"https:\/\/article20.org\/de\/#website","url":"https:\/\/article20.org\/de\/","name":"Article20.org","description":"Alles \u00fcber Versammlungsfreiheit und Vereinigungsfreiheit","publisher":{"@id":"https:\/\/article20.org\/de\/#organization"},"potentialAction":[{"@type":"SearchAction","target":{"@type":"EntryPoint","urlTemplate":"https:\/\/article20.org\/de\/?s={search_term_string}"},"query-input":{"@type":"PropertyValueSpecification","valueRequired":true,"valueName":"search_term_string"}}],"inLanguage":"de"},{"@type":"Organization","@id":"https:\/\/article20.org\/de\/#organization","name":"Article20.org","url":"https:\/\/article20.org\/de\/","logo":{"@type":"ImageObject","inLanguage":"de","@id":"https:\/\/article20.org\/de\/#\/schema\/logo\/image\/","url":"https:\/\/article20.org\/wp-content\/uploads\/2018\/06\/article20.png","contentUrl":"https:\/\/article20.org\/wp-content\/uploads\/2018\/06\/article20.png","width":60,"height":25,"caption":"Article20.org"},"image":{"@id":"https:\/\/article20.org\/de\/#\/schema\/logo\/image\/"}}]}},"_links":{"self":[{"href":"https:\/\/article20.org\/de\/wp-json\/wp\/v2\/pages\/181","targetHints":{"allow":["GET"]}}],"collection":[{"href":"https:\/\/article20.org\/de\/wp-json\/wp\/v2\/pages"}],"about":[{"href":"https:\/\/article20.org\/de\/wp-json\/wp\/v2\/types\/page"}],"author":[{"embeddable":true,"href":"https:\/\/article20.org\/de\/wp-json\/wp\/v2\/users\/1"}],"replies":[{"embeddable":true,"href":"https:\/\/article20.org\/de\/wp-json\/wp\/v2\/comments?post=181"}],"version-history":[{"count":14,"href":"https:\/\/article20.org\/de\/wp-json\/wp\/v2\/pages\/181\/revisions"}],"predecessor-version":[{"id":1600,"href":"https:\/\/article20.org\/de\/wp-json\/wp\/v2\/pages\/181\/revisions\/1600"}],"wp:attachment":[{"href":"https:\/\/article20.org\/de\/wp-json\/wp\/v2\/media?parent=181"}],"curies":[{"name":"wp","href":"https:\/\/api.w.org\/{rel}","templated":true}]}}